{"id":2586,"date":"2024-03-11T15:57:00","date_gmt":"2024-03-11T15:57:00","guid":{"rendered":"https:\/\/drozdowisko.pl\/?page_id=2586"},"modified":"2025-04-27T22:22:16","modified_gmt":"2025-04-27T22:22:16","slug":"o-mnie","status":"publish","type":"page","link":"https:\/\/drozdowisko.pl\/index.php\/o-mnie\/","title":{"rendered":"O mnie"},"content":{"rendered":"\n<p>Nazywam si\u0119 <strong>Teresa Drozda<\/strong>.<br>Urodzi\u0142am si\u0119 w 1975 roku (tak, tak, ju\u017c tak dawno), we Wroc\u0142awiu. Nieprzerwanie od 1992 roku zajmuj\u0119 si\u0119 szeroko rozumian\u0105 kultur\u0105, ze szczeg\u00f3lnym uwzgl\u0119dnieniem historii piosenki i rozrywki. Do ko\u0144ca lutego 2021 roku robi\u0142am to na antenach Polskiego Radia (Jedynka, Tr\u00f3jka, Radio Dla Ciebie, okazjonalnie inne rozg\u0142o\u015bnie regionalne), a od lutego 2021 roku prowadz\u0119 autorski i niezale\u017cny podcast <strong>&#8222;DROZDOWISKO&#8221;,<\/strong> kt\u00f3ry kumuluje w sobie wszystkie moje zainteresowania i pasje. Rozmawiam o literaturze, teatrze, humorze, filmie, piosence i du\u017co o Czechach (patrz ni\u017cej).<\/p>\n\n\n\n<figure class=\"wp-block-image size-full\"><img loading=\"lazy\" decoding=\"async\" width=\"848\" height=\"848\" src=\"https:\/\/drozdowisko.pl\/wp-content\/uploads\/2024\/02\/drozda_ksiazkisasuper.jpg\" alt=\"\" class=\"wp-image-2445\" srcset=\"https:\/\/drozdowisko.pl\/wp-content\/uploads\/2024\/02\/drozda_ksiazkisasuper.jpg 848w, https:\/\/drozdowisko.pl\/wp-content\/uploads\/2024\/02\/drozda_ksiazkisasuper-300x300.jpg 300w, https:\/\/drozdowisko.pl\/wp-content\/uploads\/2024\/02\/drozda_ksiazkisasuper-150x150.jpg 150w, https:\/\/drozdowisko.pl\/wp-content\/uploads\/2024\/02\/drozda_ksiazkisasuper-768x768.jpg 768w, https:\/\/drozdowisko.pl\/wp-content\/uploads\/2024\/02\/drozda_ksiazkisasuper-526x526.jpg 526w, https:\/\/drozdowisko.pl\/wp-content\/uploads\/2024\/02\/drozda_ksiazkisasuper-334x334.jpg 334w, https:\/\/drozdowisko.pl\/wp-content\/uploads\/2024\/02\/drozda_ksiazkisasuper-238x238.jpg 238w, https:\/\/drozdowisko.pl\/wp-content\/uploads\/2024\/02\/drozda_ksiazkisasuper-430x430.jpg 430w\" sizes=\"auto, (max-width: 848px) 100vw, 848px\" \/><\/figure>\n\n\n\n<p>Stale wsp\u00f3\u0142pracuj\u0119 z rocznikiem <strong>&#8222;Piosenka&#8221;,<\/strong> wydawanym przez Muzeum Polskiej Piosenki w Opolu.<br>Publikuj\u0119 w wielu bran\u017cowych czasopismach, a list\u0119 tych publikacji znale\u017a\u0107 mo\u017cna w internetowych <strong><a href=\"https:\/\/katalogi.bn.org.pl\/discovery\/search?query=any,contains,Teresa%20Drozda&amp;tab=LibraryCatalog&amp;vid=48OMNIS_NLOP:48OMNIS_NLOP&amp;lang=pl&amp;offset=0\">katalogach Biblioteki Narodowej w Warszawie<\/a><\/strong>.<\/p>\n\n\n\n<p>Od 2001 roku w orbicie moich sta\u0142ych zainteresowa\u0144 jest kultura czeska. Cz\u0119sto je\u017cd\u017c\u0119 do Czech, g\u0142\u00f3wnie do Pragi, by nagrywa\u0107 wywiady z tamtejszymi artystami \u2013 piosenkarzami, filmowcami, aktorami, pisarzami.<br>W Czeskim Centrum w Warszawie (w sezonie 2015\/2016) prowadzi\u0142am cykl wyk\u0142ad\u00f3w po\u015bwi\u0119conych czeskiej piosence.<br>Wsp\u00f3\u0142pracuj\u0119 z polsko-czeskimi festiwalami: <strong>Kino na Granicy<\/strong> w Cieszynie i Czeskim Cieszynie, <strong>CZ-PL Festival<\/strong> w Kudowie-Zdroju, <strong>&#8222;KROPK\u0104&#8221;<\/strong> w G\u0142ucho\u0142azach czy Mi\u0119dzynarodowym Festiwalem Teatralnym <strong>&#8222;Bez Granic&#8221;<\/strong> w Cieszynie.<br>O czeskiej kulturze pisz\u0119 na profilu Czeski kousek na Facebooku.<br>W 2018 i 2021 roku w Czechach ukaza\u0142y si\u0119 p\u0142yty z piosenkami, kt\u00f3re powsta\u0142y do napisanych przeze mnie tekst\u00f3w, a jedna z tych p\u0142yt (Dorota B\u00e1rov\u00e1 &#8222;Iluzja&#8221;) zosta\u0142a nagrodzona And\u011blem \u2013 najwa\u017cniejsz\u0105 czesk\u0105 nagrod\u0105 muzyczn\u0105.<\/p>\n\n\n\n<figure class=\"wp-block-image size-large\"><img loading=\"lazy\" decoding=\"async\" width=\"1024\" height=\"768\" src=\"https:\/\/drozdowisko.pl\/wp-content\/uploads\/2024\/03\/Piosenka_Rocznik-1024x768.jpg\" alt=\"\" class=\"wp-image-2560\" srcset=\"https:\/\/drozdowisko.pl\/wp-content\/uploads\/2024\/03\/Piosenka_Rocznik-1024x768.jpg 1024w, https:\/\/drozdowisko.pl\/wp-content\/uploads\/2024\/03\/Piosenka_Rocznik-300x225.jpg 300w, https:\/\/drozdowisko.pl\/wp-content\/uploads\/2024\/03\/Piosenka_Rocznik-768x576.jpg 768w, https:\/\/drozdowisko.pl\/wp-content\/uploads\/2024\/03\/Piosenka_Rocznik-1536x1152.jpg 1536w, https:\/\/drozdowisko.pl\/wp-content\/uploads\/2024\/03\/Piosenka_Rocznik-2048x1536.jpg 2048w, https:\/\/drozdowisko.pl\/wp-content\/uploads\/2024\/03\/Piosenka_Rocznik-526x395.jpg 526w\" sizes=\"auto, (max-width: 1024px) 100vw, 1024px\" \/><\/figure>\n\n\n\n<p>Dwukrotnie (2011 i 2016) otrzyma\u0142am <strong>stypendium tw\u00f3rcze<\/strong> Ministerstwa Kultury i Dziedzictwa Narodowego.<br>W 2018 roku sp\u0119dzi\u0142am trzy miesi\u0105ce w Pradze, w ramach stypendium przyznanego przez <strong>Mi\u0119dzynarodowy Fundusz Wyszegradzki<\/strong> (Visegrad Found).<br>By\u0142am redaktork\u0105 wydania <strong>&#8222;Dzie\u0142 (niemal) wszystkich&#8221; Jeremiego Przybory<\/strong> (Wyd. Znak, 2015 i 2016) oraz wspomnie\u0144 i opracowania kalendarium tw\u00f3rczo\u015bci <strong>Xymeny Zaniewskiej<\/strong> (wyd. Bernardinum, 2015).<br>Pochwali\u0107 si\u0119 mog\u0119 autorsk\u0105 ksi\u0105\u017ceczk\u0105 zatytu\u0142owan\u0105 <strong>&#8222;instaDRO&#8221;<\/strong> (wyd. Nutka z Kropk\u0105, 2020), kt\u00f3ra jest zbiorem moich zdj\u0119\u0107 (selfie) i wspomie\u0144.<br>Moje zdj\u0119cia zosta\u0142y te\u017c u\u017cyte w dwuj\u0119zycznej, poetyckiej ksi\u0105\u017cce Jacka Cygana <strong>&#8222;Tu i tam\/Tady a tam&#8221;<\/strong> (wyd. Austeria, 2020).<\/p>\n\n\n\n<figure class=\"wp-block-image size-large\"><img loading=\"lazy\" decoding=\"async\" width=\"1024\" height=\"782\" src=\"https:\/\/drozdowisko.pl\/wp-content\/uploads\/2024\/03\/InstaDRO-1-1024x782.jpg\" alt=\"\" class=\"wp-image-2564\" srcset=\"https:\/\/drozdowisko.pl\/wp-content\/uploads\/2024\/03\/InstaDRO-1-1024x782.jpg 1024w, https:\/\/drozdowisko.pl\/wp-content\/uploads\/2024\/03\/InstaDRO-1-300x229.jpg 300w, https:\/\/drozdowisko.pl\/wp-content\/uploads\/2024\/03\/InstaDRO-1-768x587.jpg 768w, https:\/\/drozdowisko.pl\/wp-content\/uploads\/2024\/03\/InstaDRO-1-1536x1174.jpg 1536w, https:\/\/drozdowisko.pl\/wp-content\/uploads\/2024\/03\/InstaDRO-1-2048x1565.jpg 2048w\" sizes=\"auto, (max-width: 1024px) 100vw, 1024px\" \/><\/figure>\n\n\n\n<p>Mam na koncie szereg nagr\u00f3d i wyr\u00f3\u017cnie\u0144:<\/p>\n\n\n\n<ul class=\"wp-block-list\">\n<li>2024: Nagroda im. Karoliny Beylin;<\/li>\n\n\n\n<li>2023: Tytu\u0142 &#8222;Podcasterka Roku 2022&#8221;;<\/li>\n\n\n\n<li>2022: KREATURA &#8211; nagroda niezale\u017cnej kreacji za podcast DROZDOWISKO;<\/li>\n\n\n\n<li>2021: Wyr\u00f3\u017cnienie &#8222;Podcast roku. Konkurs im. red. Janusza Majki&#8221; za podcast &#8222;Ateneum, s\u0142ucham&#8221;;<\/li>\n\n\n\n<li>2018: &#8222;Honorowy Mazurek&#8221; Festiwalu &#8222;Wszystkie Mazurki \u015awiata&#8221;;<\/li>\n\n\n\n<li>2017: Nagroda im. Micha\u0142a Jagodzi\u0144skiego w 9. Konkursie Artystycznych Form Radiowych Grand PiK 2017 za reporta\u017c &#8222;Pan Ciuchcia&#8221;;<\/li>\n\n\n\n<li>2006: III nagroda w Og\u00f3lnopolskim Konkursie Reporta\u017cyst\u00f3w i Realizator\u00f3w Radiowych &#8222;Dylematy Cz\u0142owieka XXI wieku&#8221;;<\/li>\n\n\n\n<li>2005: Finalistka II etapu Konkursu Stypendialnego im. Jacka Stwory 2005 \u2013 reporta\u017c radiowy.<\/li>\n<\/ul>\n\n\n\n<figure class=\"wp-block-image size-large\"><img loading=\"lazy\" decoding=\"async\" width=\"766\" height=\"1024\" src=\"https:\/\/drozdowisko.pl\/wp-content\/uploads\/2024\/02\/2023_jazestatuetka_podcasterkaroku-766x1024.jpg\" alt=\"\" class=\"wp-image-2468\" srcset=\"https:\/\/drozdowisko.pl\/wp-content\/uploads\/2024\/02\/2023_jazestatuetka_podcasterkaroku-766x1024.jpg 766w, https:\/\/drozdowisko.pl\/wp-content\/uploads\/2024\/02\/2023_jazestatuetka_podcasterkaroku-225x300.jpg 225w, https:\/\/drozdowisko.pl\/wp-content\/uploads\/2024\/02\/2023_jazestatuetka_podcasterkaroku-768x1026.jpg 768w, https:\/\/drozdowisko.pl\/wp-content\/uploads\/2024\/02\/2023_jazestatuetka_podcasterkaroku-scaled.jpg 1916w\" sizes=\"auto, (max-width: 766px) 100vw, 766px\" \/><\/figure>\n\n\n\n<p>Od 2013 roku spotykam si\u0119 ze swoimi s\u0142uchaczami &#8222;oko w oko&#8221;, prowadz\u0105c gaw\u0119dy o powojennej piosence i kabarecie. Zacz\u0119\u0142o si\u0119 od spotka\u0144 na temat tw\u00f3rczo\u015bci Jeremiego Przybory, kt\u00f3rej jestem znawczyni\u0105. Z czasem cykl gaw\u0119d ewoluowa\u0142 i teraz obejmuje wiele innych temat\u00f3w przedstawianych podczas spotka\u0144 w r\u00f3\u017cnych o\u015brodkach kultury i bibliotekach na terenie kraju (w ramach festiwali lub jako odr\u0119bne spotkania z publiczno\u015bci\u0105). Sta\u0142ym miejscem tych spotka\u0144 jest <strong>Prom Kultury Saska K\u0119pa w Warszawie<\/strong>.<br>Lista temat\u00f3w i bohater\u00f3w moich gaw\u0119d wci\u0105\u017c si\u0119 rozrasta. A s\u0105 na niej: Jeremi Przybora, Adolf Dymsza, Stefania Grodzi\u0144ska, Mieczys\u0142aw Czechowicz, Irena Kwiatkowska, Alina Janowska, Wies\u0142aw Michnikowski, Hanka Bielicka, Edward Dziewo\u0144ski, Kazimierz Brusikiewicz, Marek Grechuta, Jonasz Kofta, Wojciech M\u0142ynarski, Agnieszka Osiecka, Bronis\u0142aw Pawlik, Podwieczorek przy mikrofonie, Studencki Teatr Satyryk\u00f3w i wiele innych.<\/p>\n\n\n\n<figure class=\"wp-block-image size-large\"><img loading=\"lazy\" decoding=\"async\" width=\"1024\" height=\"1024\" src=\"https:\/\/drozdowisko.pl\/wp-content\/uploads\/2024\/02\/2023_Fedorowicz_Drozda-1024x1024.jpg\" alt=\"\" class=\"wp-image-2439\" srcset=\"https:\/\/drozdowisko.pl\/wp-content\/uploads\/2024\/02\/2023_Fedorowicz_Drozda-1024x1024.jpg 1024w, https:\/\/drozdowisko.pl\/wp-content\/uploads\/2024\/02\/2023_Fedorowicz_Drozda-300x300.jpg 300w, https:\/\/drozdowisko.pl\/wp-content\/uploads\/2024\/02\/2023_Fedorowicz_Drozda-150x150.jpg 150w, https:\/\/drozdowisko.pl\/wp-content\/uploads\/2024\/02\/2023_Fedorowicz_Drozda-768x768.jpg 768w, https:\/\/drozdowisko.pl\/wp-content\/uploads\/2024\/02\/2023_Fedorowicz_Drozda-1536x1536.jpg 1536w, https:\/\/drozdowisko.pl\/wp-content\/uploads\/2024\/02\/2023_Fedorowicz_Drozda-2048x2048.jpg 2048w, https:\/\/drozdowisko.pl\/wp-content\/uploads\/2024\/02\/2023_Fedorowicz_Drozda-526x526.jpg 526w, https:\/\/drozdowisko.pl\/wp-content\/uploads\/2024\/02\/2023_Fedorowicz_Drozda-334x334.jpg 334w, https:\/\/drozdowisko.pl\/wp-content\/uploads\/2024\/02\/2023_Fedorowicz_Drozda-238x238.jpg 238w, https:\/\/drozdowisko.pl\/wp-content\/uploads\/2024\/02\/2023_Fedorowicz_Drozda-430x430.jpg 430w\" sizes=\"auto, (max-width: 1024px) 100vw, 1024px\" \/><figcaption class=\"wp-element-caption\">Z Jackiem Fedorowiczem po jednym ze spotka\u0144 z publiczno\u015bci\u0105.<\/figcaption><\/figure>\n\n\n\n<p>Podcastowo ch\u0119tnie wsp\u00f3\u0142pracuj\u0119 z instytucjami kultury, a najch\u0119tniej z teatrami. Jestem wsp\u00f3\u0142autork\u0105 teatralnych kana\u0142\u00f3w podcastowych przygotowywanych dla <strong>Teatru Ateneum <\/strong>w Warszawie, <strong>Teatru Muzycznego Capitol<\/strong> we Wroc\u0142awiu i <strong>Teatru Narodowego<\/strong> w Warszawie. Realizuj\u0119 te\u017c nagrania dla <strong>WLOTu<\/strong> &#8211; podcastu Wydawnictwa Literackiego.<\/p>\n\n\n\n<figure class=\"wp-block-image size-large\"><img loading=\"lazy\" decoding=\"async\" width=\"1024\" height=\"576\" src=\"https:\/\/drozdowisko.pl\/wp-content\/uploads\/2024\/02\/Drozdowisko_jestnaFB_planszaYT-1024x576.png\" alt=\"\" class=\"wp-image-2422\" srcset=\"https:\/\/drozdowisko.pl\/wp-content\/uploads\/2024\/02\/Drozdowisko_jestnaFB_planszaYT-1024x576.png 1024w, https:\/\/drozdowisko.pl\/wp-content\/uploads\/2024\/02\/Drozdowisko_jestnaFB_planszaYT-300x169.png 300w, https:\/\/drozdowisko.pl\/wp-content\/uploads\/2024\/02\/Drozdowisko_jestnaFB_planszaYT-768x432.png 768w, https:\/\/drozdowisko.pl\/wp-content\/uploads\/2024\/02\/Drozdowisko_jestnaFB_planszaYT-1536x864.png 1536w, https:\/\/drozdowisko.pl\/wp-content\/uploads\/2024\/02\/Drozdowisko_jestnaFB_planszaYT-718x404.png 718w, https:\/\/drozdowisko.pl\/wp-content\/uploads\/2024\/02\/Drozdowisko_jestnaFB_planszaYT.png 1920w\" sizes=\"auto, (max-width: 1024px) 100vw, 1024px\" \/><\/figure>\n\n\n\n<p>W marcu 2021 roku za\u0142o\u017cy\u0142am konta w serwisach <strong><a href=\"https:\/\/patronite.pl\/TeresaDrozda\">patronite.pl<\/a><\/strong> i <strong><a href=\"https:\/\/buycoffee.to\/drozdowisko\">buycoffee.to<\/a><\/strong>, aby m\u00f3c niezale\u017cnie kontynuowa\u0107 swoj\u0105 prac\u0119. Odchodz\u0105c z radia, z etatu, DO SIEBIE, rzuci\u0142am si\u0119 na g\u0142\u0119bok\u0105 wod\u0119. Chc\u0119, dzi\u0119ki Waszemu wsparciu, rozwija\u0107 podcast, bez ogl\u0105dania si\u0119 na oczekiwania szef\u00f3w i na &#8222;fuchy&#8221;. Chc\u0119 m\u0105drze, z po\u017cytkiem i ku rado\u015bci Was, S\u0142uchaczek i S\u0142uchaczy, nadal robi\u0107 to, co umiem najlepiej. Podcast jest w tej chwili najwa\u017cniejszy, ale wszystkie moje dziennikarskie aktywno\u015bci wzajemnie na siebie wp\u0142ywaj\u0105 i z siebie wyp\u0142ywaj\u0105. Nie rozdzielam sztywno swojego pisania, fotografowania czy nagrywania. Wa\u017cna jest ka\u017cda z tych rzeczy, bo jedna uzupe\u0142nia i wzbogaca drug\u0105. <strong>Przy\u0142\u00f3\u017ccie do tego r\u0119k\u0119. Mo\u017cecie!<\/strong><\/p>\n\n\n\n<p><strong>Wasza Drozda<\/strong>.<\/p>\n","protected":false},"excerpt":{"rendered":"<p>Nazywam si\u0119 Teresa Drozda.Urodzi\u0142am si\u0119 w 1975 roku (tak, tak, ju\u017c tak dawno), we Wroc\u0142awiu. Nieprzerwanie od 1992 roku zajmuj\u0119 si\u0119 szeroko rozumian\u0105 kultur\u0105, ze szczeg\u00f3lnym uwzgl\u0119dnieniem historii piosenki i rozrywki. Do ko\u0144ca lutego 2021 roku robi\u0142am to na antenach Polskiego Radia (Jedynka, Tr\u00f3jka, Radio Dla Ciebie, okazjonalnie inne rozg\u0142o\u015bnie regionalne), a od lutego 2021 [&hellip;]<\/p>\n","protected":false},"author":1,"featured_media":2425,"parent":0,"menu_order":0,"comment_status":"closed","ping_status":"closed","template":"","meta":{"footnotes":""},"class_list":["post-2586","page","type-page","status-publish","has-post-thumbnail","hentry"],"yoast_head":"<!-- This site is optimized with the Yoast SEO plugin v23.2 - https:\/\/yoast.com\/wordpress\/plugins\/seo\/ -->\n<title>O mnie - DROZDOWISKO<\/title>\n<meta name=\"robots\" content=\"index, follow, max-snippet:-1, max-image-preview:large, max-video-preview:-1\" \/>\n<link rel=\"canonical\" href=\"https:\/\/drozdowisko.pl\/index.php\/o-mnie\/\" \/>\n<meta property=\"og:locale\" content=\"pl_PL\" \/>\n<meta property=\"og:type\" content=\"article\" \/>\n<meta property=\"og:title\" content=\"O mnie - DROZDOWISKO\" \/>\n<meta property=\"og:description\" content=\"Nazywam si\u0119 Teresa Drozda.Urodzi\u0142am si\u0119 w 1975 roku (tak, tak, ju\u017c tak dawno), we Wroc\u0142awiu. Nieprzerwanie od 1992 roku zajmuj\u0119 si\u0119 szeroko rozumian\u0105 kultur\u0105, ze szczeg\u00f3lnym uwzgl\u0119dnieniem historii piosenki i rozrywki. Do ko\u0144ca lutego 2021 roku robi\u0142am to na antenach Polskiego Radia (Jedynka, Tr\u00f3jka, Radio Dla Ciebie, okazjonalnie inne rozg\u0142o\u015bnie regionalne), a od lutego 2021 [&hellip;]\" \/>\n<meta property=\"og:url\" content=\"https:\/\/drozdowisko.pl\/index.php\/o-mnie\/\" \/>\n<meta property=\"og:site_name\" content=\"DROZDOWISKO\" \/>\n<meta property=\"article:modified_time\" content=\"2025-04-27T22:22:16+00:00\" \/>\n<meta property=\"og:image\" content=\"https:\/\/drozdowisko.pl\/wp-content\/uploads\/2024\/02\/ja_dom_praca-scaled.jpg\" \/>\n\t<meta property=\"og:image:width\" content=\"2560\" \/>\n\t<meta property=\"og:image:height\" content=\"1920\" \/>\n\t<meta property=\"og:image:type\" content=\"image\/jpeg\" \/>\n<meta name=\"twitter:card\" content=\"summary_large_image\" \/>\n<meta name=\"twitter:label1\" content=\"Szacowany czas czytania\" \/>\n\t<meta name=\"twitter:data1\" content=\"6 minut\" \/>\n<script type=\"application\/ld+json\" class=\"yoast-schema-graph\">{\"@context\":\"https:\/\/schema.org\",\"@graph\":[{\"@type\":\"WebPage\",\"@id\":\"https:\/\/drozdowisko.pl\/index.php\/o-mnie\/\",\"url\":\"https:\/\/drozdowisko.pl\/index.php\/o-mnie\/\",\"name\":\"O mnie - DROZDOWISKO\",\"isPartOf\":{\"@id\":\"https:\/\/drozdowisko.pl\/#website\"},\"primaryImageOfPage\":{\"@id\":\"https:\/\/drozdowisko.pl\/index.php\/o-mnie\/#primaryimage\"},\"image\":{\"@id\":\"https:\/\/drozdowisko.pl\/index.php\/o-mnie\/#primaryimage\"},\"thumbnailUrl\":\"https:\/\/drozdowisko.pl\/wp-content\/uploads\/2024\/02\/ja_dom_praca-scaled.jpg\",\"datePublished\":\"2024-03-11T15:57:00+00:00\",\"dateModified\":\"2025-04-27T22:22:16+00:00\",\"breadcrumb\":{\"@id\":\"https:\/\/drozdowisko.pl\/index.php\/o-mnie\/#breadcrumb\"},\"inLanguage\":\"pl-PL\",\"potentialAction\":[{\"@type\":\"ReadAction\",\"target\":[\"https:\/\/drozdowisko.pl\/index.php\/o-mnie\/\"]}]},{\"@type\":\"ImageObject\",\"inLanguage\":\"pl-PL\",\"@id\":\"https:\/\/drozdowisko.pl\/index.php\/o-mnie\/#primaryimage\",\"url\":\"https:\/\/drozdowisko.pl\/wp-content\/uploads\/2024\/02\/ja_dom_praca-scaled.jpg\",\"contentUrl\":\"https:\/\/drozdowisko.pl\/wp-content\/uploads\/2024\/02\/ja_dom_praca-scaled.jpg\",\"width\":2560,\"height\":1920},{\"@type\":\"BreadcrumbList\",\"@id\":\"https:\/\/drozdowisko.pl\/index.php\/o-mnie\/#breadcrumb\",\"itemListElement\":[{\"@type\":\"ListItem\",\"position\":1,\"name\":\"Strona g\u0142\u00f3wna\",\"item\":\"https:\/\/drozdowisko.pl\/\"},{\"@type\":\"ListItem\",\"position\":2,\"name\":\"O mnie\"}]},{\"@type\":\"WebSite\",\"@id\":\"https:\/\/drozdowisko.pl\/#website\",\"url\":\"https:\/\/drozdowisko.pl\/\",\"name\":\"DROZDOWISKO\",\"description\":\"Podcast Teresy Drozdy\",\"publisher\":{\"@id\":\"https:\/\/drozdowisko.pl\/#\/schema\/person\/8950061fba3066540fe403f5a28ca367\"},\"potentialAction\":[{\"@type\":\"SearchAction\",\"target\":{\"@type\":\"EntryPoint\",\"urlTemplate\":\"https:\/\/drozdowisko.pl\/?s={search_term_string}\"},\"query-input\":\"required name=search_term_string\"}],\"inLanguage\":\"pl-PL\"},{\"@type\":[\"Person\",\"Organization\"],\"@id\":\"https:\/\/drozdowisko.pl\/#\/schema\/person\/8950061fba3066540fe403f5a28ca367\",\"name\":\"Teresa Drozda\",\"image\":{\"@type\":\"ImageObject\",\"inLanguage\":\"pl-PL\",\"@id\":\"https:\/\/drozdowisko.pl\/#\/schema\/person\/image\/\",\"url\":\"https:\/\/drozdowisko.pl\/wp-content\/uploads\/2024\/02\/Drozdowisko_2021-02-23_w-kolku-czerwonym-2_600-ppi.png\",\"contentUrl\":\"https:\/\/drozdowisko.pl\/wp-content\/uploads\/2024\/02\/Drozdowisko_2021-02-23_w-kolku-czerwonym-2_600-ppi.png\",\"width\":4259,\"height\":4259,\"caption\":\"Teresa Drozda\"},\"logo\":{\"@id\":\"https:\/\/drozdowisko.pl\/#\/schema\/person\/image\/\"}}]}<\/script>\n<!-- \/ Yoast SEO plugin. -->","yoast_head_json":{"title":"O mnie - DROZDOWISKO","robots":{"index":"index","follow":"follow","max-snippet":"max-snippet:-1","max-image-preview":"max-image-preview:large","max-video-preview":"max-video-preview:-1"},"canonical":"https:\/\/drozdowisko.pl\/index.php\/o-mnie\/","og_locale":"pl_PL","og_type":"article","og_title":"O mnie - DROZDOWISKO","og_description":"Nazywam si\u0119 Teresa Drozda.Urodzi\u0142am si\u0119 w 1975 roku (tak, tak, ju\u017c tak dawno), we Wroc\u0142awiu. Nieprzerwanie od 1992 roku zajmuj\u0119 si\u0119 szeroko rozumian\u0105 kultur\u0105, ze szczeg\u00f3lnym uwzgl\u0119dnieniem historii piosenki i rozrywki. Do ko\u0144ca lutego 2021 roku robi\u0142am to na antenach Polskiego Radia (Jedynka, Tr\u00f3jka, Radio Dla Ciebie, okazjonalnie inne rozg\u0142o\u015bnie regionalne), a od lutego 2021 [&hellip;]","og_url":"https:\/\/drozdowisko.pl\/index.php\/o-mnie\/","og_site_name":"DROZDOWISKO","article_modified_time":"2025-04-27T22:22:16+00:00","og_image":[{"width":2560,"height":1920,"url":"https:\/\/drozdowisko.pl\/wp-content\/uploads\/2024\/02\/ja_dom_praca-scaled.jpg","type":"image\/jpeg"}],"twitter_card":"summary_large_image","twitter_misc":{"Szacowany czas czytania":"6 minut"},"schema":{"@context":"https:\/\/schema.org","@graph":[{"@type":"WebPage","@id":"https:\/\/drozdowisko.pl\/index.php\/o-mnie\/","url":"https:\/\/drozdowisko.pl\/index.php\/o-mnie\/","name":"O mnie - DROZDOWISKO","isPartOf":{"@id":"https:\/\/drozdowisko.pl\/#website"},"primaryImageOfPage":{"@id":"https:\/\/drozdowisko.pl\/index.php\/o-mnie\/#primaryimage"},"image":{"@id":"https:\/\/drozdowisko.pl\/index.php\/o-mnie\/#primaryimage"},"thumbnailUrl":"https:\/\/drozdowisko.pl\/wp-content\/uploads\/2024\/02\/ja_dom_praca-scaled.jpg","datePublished":"2024-03-11T15:57:00+00:00","dateModified":"2025-04-27T22:22:16+00:00","breadcrumb":{"@id":"https:\/\/drozdowisko.pl\/index.php\/o-mnie\/#breadcrumb"},"inLanguage":"pl-PL","potentialAction":[{"@type":"ReadAction","target":["https:\/\/drozdowisko.pl\/index.php\/o-mnie\/"]}]},{"@type":"ImageObject","inLanguage":"pl-PL","@id":"https:\/\/drozdowisko.pl\/index.php\/o-mnie\/#primaryimage","url":"https:\/\/drozdowisko.pl\/wp-content\/uploads\/2024\/02\/ja_dom_praca-scaled.jpg","contentUrl":"https:\/\/drozdowisko.pl\/wp-content\/uploads\/2024\/02\/ja_dom_praca-scaled.jpg","width":2560,"height":1920},{"@type":"BreadcrumbList","@id":"https:\/\/drozdowisko.pl\/index.php\/o-mnie\/#breadcrumb","itemListElement":[{"@type":"ListItem","position":1,"name":"Strona g\u0142\u00f3wna","item":"https:\/\/drozdowisko.pl\/"},{"@type":"ListItem","position":2,"name":"O mnie"}]},{"@type":"WebSite","@id":"https:\/\/drozdowisko.pl\/#website","url":"https:\/\/drozdowisko.pl\/","name":"DROZDOWISKO","description":"Podcast Teresy Drozdy","publisher":{"@id":"https:\/\/drozdowisko.pl\/#\/schema\/person\/8950061fba3066540fe403f5a28ca367"},"potentialAction":[{"@type":"SearchAction","target":{"@type":"EntryPoint","urlTemplate":"https:\/\/drozdowisko.pl\/?s={search_term_string}"},"query-input":"required name=search_term_string"}],"inLanguage":"pl-PL"},{"@type":["Person","Organization"],"@id":"https:\/\/drozdowisko.pl\/#\/schema\/person\/8950061fba3066540fe403f5a28ca367","name":"Teresa Drozda","image":{"@type":"ImageObject","inLanguage":"pl-PL","@id":"https:\/\/drozdowisko.pl\/#\/schema\/person\/image\/","url":"https:\/\/drozdowisko.pl\/wp-content\/uploads\/2024\/02\/Drozdowisko_2021-02-23_w-kolku-czerwonym-2_600-ppi.png","contentUrl":"https:\/\/drozdowisko.pl\/wp-content\/uploads\/2024\/02\/Drozdowisko_2021-02-23_w-kolku-czerwonym-2_600-ppi.png","width":4259,"height":4259,"caption":"Teresa Drozda"},"logo":{"@id":"https:\/\/drozdowisko.pl\/#\/schema\/person\/image\/"}}]}},"_links":{"self":[{"href":"https:\/\/drozdowisko.pl\/index.php\/wp-json\/wp\/v2\/pages\/2586","targetHints":{"allow":["GET"]}}],"collection":[{"href":"https:\/\/drozdowisko.pl\/index.php\/wp-json\/wp\/v2\/pages"}],"about":[{"href":"https:\/\/drozdowisko.pl\/index.php\/wp-json\/wp\/v2\/types\/page"}],"author":[{"embeddable":true,"href":"https:\/\/drozdowisko.pl\/index.php\/wp-json\/wp\/v2\/users\/1"}],"replies":[{"embeddable":true,"href":"https:\/\/drozdowisko.pl\/index.php\/wp-json\/wp\/v2\/comments?post=2586"}],"version-history":[{"count":1,"href":"https:\/\/drozdowisko.pl\/index.php\/wp-json\/wp\/v2\/pages\/2586\/revisions"}],"predecessor-version":[{"id":2587,"href":"https:\/\/drozdowisko.pl\/index.php\/wp-json\/wp\/v2\/pages\/2586\/revisions\/2587"}],"wp:featuredmedia":[{"embeddable":true,"href":"https:\/\/drozdowisko.pl\/index.php\/wp-json\/wp\/v2\/media\/2425"}],"wp:attachment":[{"href":"https:\/\/drozdowisko.pl\/index.php\/wp-json\/wp\/v2\/media?parent=2586"}],"curies":[{"name":"wp","href":"https:\/\/api.w.org\/{rel}","templated":true}]}}